{"id":10,"date":"2025-12-13T14:24:35","date_gmt":"2025-12-13T14:24:35","guid":{"rendered":"https:\/\/saravarela.fpcei.eu\/?page_id=10"},"modified":"2026-01-24T13:52:15","modified_gmt":"2026-01-24T13:52:15","slug":"inicio","status":"publish","type":"page","link":"https:\/\/saravarela.fpcei.eu\/","title":{"rendered":"Inicio"},"content":{"rendered":"\n<p>Bienvenida a <strong>Bolshop<\/strong>, el lugar donde tu bolso deja de ser un accesorio para convertirse en tu mejor declaraci\u00f3n de intenciones. Aqu\u00ed, la elegancia no es negociable y la calidad se siente en cada detalle, fusionando dise\u00f1os audaces con la funcionalidad que exige tu d\u00eda a d\u00eda. Hemos seleccionado cada pieza para que no solo lleves tus esenciales, sino para que proyectes una seguridad imparable y un estilo que atrape todas las miradas. Desde siluetas cl\u00e1sicas para tus momentos m\u00e1s exclusivos hasta modelos contempor\u00e1neos para conquistar la ciudad, en Bolshop encontrar\u00e1s ese aliado perfecto dise\u00f1ado para elevar cualquier look al siguiente nivel. No busques solo un bolso, descubre una pieza \u00fanica que hable de ti, de tu fuerza y de tu buen gusto, con acabados impecables que est\u00e1n listos para acompa\u00f1arte en tus historias m\u00e1s memorables. Es hora de dejar de conformarte y empezar a lucir el lujo que mereces: explora nuestra colecci\u00f3n y encuentra el <strong>Bolshop<\/strong> que te har\u00e1 sentir \u00fanica hoy mismo.<\/p>\n\n\n<div id=\"metaslider-id-71\" style=\"width: 100%;\" class=\"ml-slider-3-105-0 metaslider metaslider-flex metaslider-71 ml-slider has-dots-nav ms-theme-default-base\" role=\"region\" aria-label=\"Nueva presentaci\u00f3n de diapositivas\" data-height=\"300\" data-width=\"700\">\n    <div id=\"metaslider_container_71\">\n        <div id=\"metaslider_71\">\n            <ul aria-live='off' class='slides'>\n                <li style=\"display: block; width: 100%;\" class=\"slide-72 ms-image \" aria-roledescription=\"slide\" data-date=\"2025-12-13 16:28:56\" data-filename=\"Captura-de-pantalla-2025-12-13-170013-439x188.png\" data-slide-type=\"image\"><img loading=\"lazy\" decoding=\"async\" src=\"https:\/\/saravarela.fpcei.eu\/wp-content\/uploads\/2025\/12\/Captura-de-pantalla-2025-12-13-170013-439x188.png\" height=\"300\" width=\"700\" alt=\"\" class=\"slider-71 slide-72 msDefaultImage\" title=\"Captura de pantalla 2025-12-13 170013\" \/><div class=\"caption-wrap\"><div class=\"caption\"><div><em>\"Nueva colecci\u00f3n\"<\/em><\/div><\/div><\/div><\/li>\n                <li style=\"display: none; width: 100%;\" class=\"slide-74 ms-image \" aria-roledescription=\"slide\" data-date=\"2025-12-13 16:31:08\" data-filename=\"Captura-de-pantalla-2025-12-13-173055-387x165.png\" data-slide-type=\"image\"><img loading=\"lazy\" decoding=\"async\" src=\"https:\/\/saravarela.fpcei.eu\/wp-content\/uploads\/2025\/12\/Captura-de-pantalla-2025-12-13-173055-387x165.png\" height=\"300\" width=\"700\" alt=\"\" class=\"slider-71 slide-74 msDefaultImage\" title=\"Captura de pantalla 2025-12-13 173055\" \/><div class=\"caption-wrap\"><div class=\"caption\"><div><em>\"Tu compa\u00f1ero ideal para la ciudad.\"<\/em><\/div><\/div><\/div><\/li>\n                <li style=\"display: none; width: 100%;\" class=\"slide-76 ms-image \" aria-roledescription=\"slide\" data-date=\"2025-12-13 16:32:56\" data-filename=\"Captura-de-pantalla-2025-12-13-173239-700x300.png\" data-slide-type=\"image\"><img loading=\"lazy\" decoding=\"async\" src=\"https:\/\/saravarela.fpcei.eu\/wp-content\/uploads\/2025\/12\/Captura-de-pantalla-2025-12-13-173239-700x300.png\" height=\"300\" width=\"700\" alt=\"\" class=\"slider-71 slide-76 msDefaultImage\" title=\"Captura de pantalla 2025-12-13 173239\" \/><div class=\"caption-wrap\"><div class=\"caption\"><div><em>\"Calidad que se siente.\"<\/em><\/div><\/div><\/div><\/li>\n            <\/ul>\n        <\/div>\n        \n    <\/div>\n<\/div>\n\n\n\n<p><\/p>\n\n\n\n<p><\/p>\n\n\n\n<p><\/p>\n\n\n\n<h3 class=\"wp-block-heading\">El Sello Bolshop<\/h3>\n\n\n\n<p>No creamos simples accesorios; dise\u00f1amos los compa\u00f1eros de vida que elevan tu presencia en cada paso. La raz\u00f3n por la que <strong>Bolshop<\/strong> se ha convertido en el secreto mejor guardado de quienes buscan marcar la diferencia es nuestra obsesi\u00f3n por el equilibrio: fusionamos una est\u00e9tica de vanguardia con la resistencia que exige el ritmo de la ciudad. Seleccionamos materiales de alta gama que no solo se ven incre\u00edbles al tacto, sino que est\u00e1n hechos para perdurar, asegurando que cada costura y cada detalle artesanal sea una prueba de nuestra b\u00fasqueda incansable de la perfecci\u00f3n.<\/p>\n\n\n\n<p>Nuestra plataforma, desarrollada con la tecnolog\u00eda m\u00e1s \u00e1gil, est\u00e1 pensada para que tu experiencia sea tan fluida como el dise\u00f1o de nuestras piezas. Al explorar nuestras colecciones, no solo descubres tendencias; te encuentras con una curadur\u00eda exclusiva donde la funcionalidad se encuentra con el lujo accesible. En Bolshop, entendemos que tu bolso es tu carta de presentaci\u00f3n, y por eso trabajamos para ofrecerte una navegaci\u00f3n intuitiva y una presentaci\u00f3n visual impecable que te permita encontrar, sin fricciones, esa pieza \u00fanica que resuena con tu actitud y redefine tu estilo personal.<\/p>\n","protected":false},"excerpt":{"rendered":"<p>Bienvenida a Bolshop, el lugar donde tu bolso deja de ser un accesorio para convertirse en tu mejor declaraci\u00f3n de [&hellip;]<\/p>\n","protected":false},"author":2,"featured_media":0,"parent":0,"menu_order":0,"comment_status":"closed","ping_status":"closed","template":"","meta":{"_monsterinsights_skip_tracking":false,"_monsterinsights_sitenote_active":false,"_monsterinsights_sitenote_note":"","_monsterinsights_sitenote_category":0,"site-sidebar-layout":"default","site-content-layout":"","ast-site-content-layout":"default","site-content-style":"default","site-sidebar-style":"default","ast-global-header-display":"","ast-banner-title-visibility":"","ast-main-header-display":"","ast-hfb-above-header-display":"","ast-hfb-below-header-display":"","ast-hfb-mobile-header-display":"","site-post-title":"","ast-breadcrumbs-content":"","ast-featured-img":"","footer-sml-layout":"","ast-disable-related-posts":"","theme-transparent-header-meta":"","adv-header-id-meta":"","stick-header-meta":"","header-above-stick-meta":"","header-main-stick-meta":"","header-below-stick-meta":"","astra-migrate-meta-layouts":"default","ast-page-background-enabled":"default","ast-page-background-meta":{"desktop":{"background-color":"var(--ast-global-color-5)","background-image":"","background-repeat":"repeat","background-position":"center center","background-size":"auto","background-attachment":"scroll","background-type":"","background-media":"","overlay-type":"","overlay-color":"","overlay-opacity":"","overlay-gradient":""},"tablet":{"background-color":"","background-image":"","background-repeat":"repeat","background-position":"center center","background-size":"auto","background-attachment":"scroll","background-type":"","background-media":"","overlay-type":"","overlay-color":"","overlay-opacity":"","overlay-gradient":""},"mobile":{"background-color":"","background-image":"","background-repeat":"repeat","background-position":"center center","background-size":"auto","background-attachment":"scroll","background-type":"","background-media":"","overlay-type":"","overlay-color":"","overlay-opacity":"","overlay-gradient":""}},"ast-content-background-meta":{"desktop":{"background-color":"var(--ast-global-color-4)","background-image":"","background-repeat":"repeat","background-position":"center center","background-size":"auto","background-attachment":"scroll","background-type":"","background-media":"","overlay-type":"","overlay-color":"","overlay-opacity":"","overlay-gradient":""},"tablet":{"background-color":"var(--ast-global-color-4)","background-image":"","background-repeat":"repeat","background-position":"center center","background-size":"auto","background-attachment":"scroll","background-type":"","background-media":"","overlay-type":"","overlay-color":"","overlay-opacity":"","overlay-gradient":""},"mobile":{"background-color":"var(--ast-global-color-4)","background-image":"","background-repeat":"repeat","background-position":"center center","background-size":"auto","background-attachment":"scroll","background-type":"","background-media":"","overlay-type":"","overlay-color":"","overlay-opacity":"","overlay-gradient":""}},"footnotes":""},"class_list":["post-10","page","type-page","status-publish","hentry"],"_links":{"self":[{"href":"https:\/\/saravarela.fpcei.eu\/index.php?rest_route=\/wp\/v2\/pages\/10","targetHints":{"allow":["GET"]}}],"collection":[{"href":"https:\/\/saravarela.fpcei.eu\/index.php?rest_route=\/wp\/v2\/pages"}],"about":[{"href":"https:\/\/saravarela.fpcei.eu\/index.php?rest_route=\/wp\/v2\/types\/page"}],"author":[{"embeddable":true,"href":"https:\/\/saravarela.fpcei.eu\/index.php?rest_route=\/wp\/v2\/users\/2"}],"replies":[{"embeddable":true,"href":"https:\/\/saravarela.fpcei.eu\/index.php?rest_route=%2Fwp%2Fv2%2Fcomments&post=10"}],"version-history":[{"count":21,"href":"https:\/\/saravarela.fpcei.eu\/index.php?rest_route=\/wp\/v2\/pages\/10\/revisions"}],"predecessor-version":[{"id":288,"href":"https:\/\/saravarela.fpcei.eu\/index.php?rest_route=\/wp\/v2\/pages\/10\/revisions\/288"}],"wp:attachment":[{"href":"https:\/\/saravarela.fpcei.eu\/index.php?rest_route=%2Fwp%2Fv2%2Fmedia&parent=10"}],"curies":[{"name":"wp","href":"https:\/\/api.w.org\/{rel}","templated":true}]}}