{"id":264,"date":"2026-01-24T10:53:30","date_gmt":"2026-01-24T10:53:30","guid":{"rendered":"https:\/\/saravarela.fpcei.eu\/?page_id=264"},"modified":"2026-02-02T22:26:40","modified_gmt":"2026-02-02T22:26:40","slug":"politica-de-privacidad","status":"publish","type":"page","link":"https:\/\/saravarela.fpcei.eu\/?page_id=264","title":{"rendered":"Politica de privacidad"},"content":{"rendered":"\n<p>PARA TENER M\u00c1S INFORMACI\u00d3N SOBRE LA POLITICA DE PROTECCI\u00d3N DE DATOS DE ESTA PAGINA CONSULTE LOS SIGUIENTES ENLACES. <a href=\"https:\/\/www.facebook.com\/arenarojabrand\/?locale=es_ES\" target=\"_blank\" rel=\"noreferrer noopener\"><\/a><a href=\"https:\/\/www.instagram.com\/arenarojabrand\/?hl=es\" target=\"_blank\" rel=\"noreferrer noopener\"><\/a><a href=\"https:\/\/www.tiktok.com\/@arenaroja?lang=es\" target=\"_blank\" rel=\"noreferrer noopener\"><\/a><\/p>\n\n\n\n<div data-wp-interactive=\"core\/file\" class=\"wp-block-file\"><object data-wp-bind--hidden=\"!state.hasPdfPreview\" hidden class=\"wp-block-file__embed\" data=\"https:\/\/saravarela.fpcei.eu\/wp-content\/uploads\/2026\/01\/AVISO-LEGAL.pdf\" type=\"application\/pdf\" style=\"width:100%;height:490px\" aria-label=\"Incrustado de AVISO LEGAL.\"><\/object><a id=\"wp-block-file--media-d6481d26-b39c-48c1-9993-9d0ecbb242bf\" href=\"https:\/\/saravarela.fpcei.eu\/wp-content\/uploads\/2026\/01\/AVISO-LEGAL.pdf\">AVISO LEGAL<\/a><a href=\"https:\/\/saravarela.fpcei.eu\/wp-content\/uploads\/2026\/01\/AVISO-LEGAL.pdf\" class=\"wp-block-file__button wp-element-button\" download aria-describedby=\"wp-block-file--media-d6481d26-b39c-48c1-9993-9d0ecbb242bf\">Descarga<\/a><\/div>\n\n\n\n<p><a href=\"https:\/\/saravarela.fpcei.eu\/wp-content\/uploads\/2026\/01\/POLITICA-DE-PRIVACIDAD-.pdf\">DECARGAR PDF POLITICA DE PRIVACIDAD <\/a>       <a href=\"https:\/\/saravarela.fpcei.eu\/wp-content\/uploads\/2026\/01\/POLITICA-DE-COOKIES-.pdf\">DESCARGAR PDF POLITICA DE COOKIES<\/a><\/p>\n\n\n\n<p><a href=\"https:\/\/saravarela.fpcei.eu\/wp-content\/uploads\/2026\/01\/DERECHO-DE-RECTIFICACION.pdf\">DERECHO DE RECTIFICACI\u00d3N <\/a>                      <a href=\"https:\/\/saravarela.fpcei.eu\/wp-content\/uploads\/2026\/01\/DERECHO-DE-LIMITACION-.pdf\"> DERECHO DE LIMITACI\u00d3N <\/a><\/p>\n\n\n\n<p><a href=\"https:\/\/saravarela.fpcei.eu\/wp-content\/uploads\/2026\/01\/DERECHO-DE-SUPRESION.pdf\">DERECHO DE SUPRESI\u00d3N<\/a>                              <a href=\"https:\/\/saravarela.fpcei.eu\/wp-content\/uploads\/2026\/01\/DERECHO-DE-PORTABILIDAD-.pdf\">DERECHO DE PORTABILIDAD<\/a><\/p>\n\n\n\n<p><a href=\"https:\/\/saravarela.fpcei.eu\/wp-content\/uploads\/2026\/01\/DERECHO-DE-ACCESO-.pdf\">DERECHO DE ACCESO <\/a><\/p>\n\n\n\n<p><\/p>\n","protected":false},"excerpt":{"rendered":"<p>PARA TENER M\u00c1S INFORMACI\u00d3N SOBRE LA POLITICA DE PROTECCI\u00d3N DE DATOS DE ESTA PAGINA CONSULTE LOS SIGUIENTES ENLACES. DECARGAR PDF [&hellip;]<\/p>\n","protected":false},"author":2,"featured_media":0,"parent":0,"menu_order":0,"comment_status":"closed","ping_status":"closed","template":"","meta":{"_monsterinsights_skip_tracking":false,"_monsterinsights_sitenote_active":false,"_monsterinsights_sitenote_note":"","_monsterinsights_sitenote_category":0,"site-sidebar-layout":"default","site-content-layout":"","ast-site-content-layout":"default","site-content-style":"default","site-sidebar-style":"default","ast-global-header-display":"","ast-banner-title-visibility":"","ast-main-header-display":"","ast-hfb-above-header-display":"","ast-hfb-below-header-display":"","ast-hfb-mobile-header-display":"","site-post-title":"","ast-breadcrumbs-content":"","ast-featured-img":"","footer-sml-layout":"","ast-disable-related-posts":"","theme-transparent-header-meta":"","adv-header-id-meta":"","stick-header-meta":"","header-above-stick-meta":"","header-main-stick-meta":"","header-below-stick-meta":"","astra-migrate-meta-layouts":"default","ast-page-background-enabled":"default","ast-page-background-meta":{"desktop":{"background-color":"var(--ast-global-color-5)","background-image":"","background-repeat":"repeat","background-position":"center center","background-size":"auto","background-attachment":"scroll","background-type":"","background-media":"","overlay-type":"","overlay-color":"","overlay-opacity":"","overlay-gradient":""},"tablet":{"background-color":"","background-image":"","background-repeat":"repeat","background-position":"center center","background-size":"auto","background-attachment":"scroll","background-type":"","background-media":"","overlay-type":"","overlay-color":"","overlay-opacity":"","overlay-gradient":""},"mobile":{"background-color":"","background-image":"","background-repeat":"repeat","background-position":"center center","background-size":"auto","background-attachment":"scroll","background-type":"","background-media":"","overlay-type":"","overlay-color":"","overlay-opacity":"","overlay-gradient":""}},"ast-content-background-meta":{"desktop":{"background-color":"var(--ast-global-color-4)","background-image":"","background-repeat":"repeat","background-position":"center center","background-size":"auto","background-attachment":"scroll","background-type":"","background-media":"","overlay-type":"","overlay-color":"","overlay-opacity":"","overlay-gradient":""},"tablet":{"background-color":"var(--ast-global-color-4)","background-image":"","background-repeat":"repeat","background-position":"center center","background-size":"auto","background-attachment":"scroll","background-type":"","background-media":"","overlay-type":"","overlay-color":"","overlay-opacity":"","overlay-gradient":""},"mobile":{"background-color":"var(--ast-global-color-4)","background-image":"","background-repeat":"repeat","background-position":"center center","background-size":"auto","background-attachment":"scroll","background-type":"","background-media":"","overlay-type":"","overlay-color":"","overlay-opacity":"","overlay-gradient":""}},"footnotes":""},"class_list":["post-264","page","type-page","status-publish","hentry"],"_links":{"self":[{"href":"https:\/\/saravarela.fpcei.eu\/index.php?rest_route=\/wp\/v2\/pages\/264","targetHints":{"allow":["GET"]}}],"collection":[{"href":"https:\/\/saravarela.fpcei.eu\/index.php?rest_route=\/wp\/v2\/pages"}],"about":[{"href":"https:\/\/saravarela.fpcei.eu\/index.php?rest_route=\/wp\/v2\/types\/page"}],"author":[{"embeddable":true,"href":"https:\/\/saravarela.fpcei.eu\/index.php?rest_route=\/wp\/v2\/users\/2"}],"replies":[{"embeddable":true,"href":"https:\/\/saravarela.fpcei.eu\/index.php?rest_route=%2Fwp%2Fv2%2Fcomments&post=264"}],"version-history":[{"count":7,"href":"https:\/\/saravarela.fpcei.eu\/index.php?rest_route=\/wp\/v2\/pages\/264\/revisions"}],"predecessor-version":[{"id":306,"href":"https:\/\/saravarela.fpcei.eu\/index.php?rest_route=\/wp\/v2\/pages\/264\/revisions\/306"}],"wp:attachment":[{"href":"https:\/\/saravarela.fpcei.eu\/index.php?rest_route=%2Fwp%2Fv2%2Fmedia&parent=264"}],"curies":[{"name":"wp","href":"https:\/\/api.w.org\/{rel}","templated":true}]}}